{"id":10,"date":"2023-07-13T14:44:52","date_gmt":"2023-07-13T17:44:52","guid":{"rendered":"https:\/\/farmasilvaevoce.com.br\/?page_id=10"},"modified":"2026-02-12T23:24:22","modified_gmt":"2026-02-13T02:24:22","slug":"pagina-inicial","status":"publish","type":"page","link":"https:\/\/farmasilvaevoce.com.br\/","title":{"rendered":"P\u00e1gina Inicial"},"content":{"rendered":"\t\t<div data-elementor-type=\"wp-page\" data-elementor-id=\"10\" class=\"elementor elementor-10\" data-elementor-post-type=\"page\">\n\t\t\t\t\t\t\t\t\t<section class=\"elementor-section elementor-top-section elementor-element elementor-element-df1ae26 elementor-section-boxed elementor-section-height-default elementor-section-height-default\" data-id=\"df1ae26\" data-element_type=\"section\" data-settings=\"{&quot;background_background&quot;:&quot;classic&quot;}\">\n\t\t\t\t\t\t<div class=\"elementor-container elementor-column-gap-default\">\n\t\t\t\t\t<div class=\"elementor-column elementor-col-33 elementor-top-column elementor-element elementor-element-a90ffc4\" data-id=\"a90ffc4\" data-element_type=\"column\">\n\t\t\t<div class=\"elementor-widget-wrap\">\n\t\t\t\t\t\t\t\t\t<\/div>\n\t\t<\/div>\n\t\t\t\t<div class=\"elementor-column elementor-col-33 elementor-top-column elementor-element elementor-element-58e6ef4\" data-id=\"58e6ef4\" data-element_type=\"column\">\n\t\t\t<div class=\"elementor-widget-wrap elementor-element-populated\">\n\t\t\t\t\t\t\t\t<div class=\"elementor-element elementor-element-29057b6 elementor-widget elementor-widget-image\" data-id=\"29057b6\" data-element_type=\"widget\" data-widget_type=\"image.default\">\n\t\t\t\t<div class=\"elementor-widget-container\">\n\t\t\t<style>\/*! elementor - v3.14.0 - 26-06-2023 *\/\n.elementor-widget-image{text-align:center}.elementor-widget-image a{display:inline-block}.elementor-widget-image a img[src$=\".svg\"]{width:48px}.elementor-widget-image img{vertical-align:middle;display:inline-block}<\/style>\t\t\t\t\t\t\t\t\t\t\t\t<img decoding=\"async\" width=\"400\" height=\"200\" src=\"https:\/\/farmasilvaevoce.com.br\/wp-content\/uploads\/2025\/04\/logo_fs_site.png\" class=\"attachment-large size-large wp-image-93\" alt=\"\" loading=\"lazy\" srcset=\"https:\/\/farmasilvaevoce.com.br\/wp-content\/uploads\/2025\/04\/logo_fs_site.png 400w, https:\/\/farmasilvaevoce.com.br\/wp-content\/uploads\/2025\/04\/logo_fs_site-300x150.png 300w\" sizes=\"(max-width: 400px) 100vw, 400px\" \/>\t\t\t\t\t\t\t\t\t\t\t\t\t\t\t<\/div>\n\t\t\t\t<\/div>\n\t\t\t\t\t<\/div>\n\t\t<\/div>\n\t\t\t\t<div class=\"elementor-column elementor-col-33 elementor-top-column elementor-element elementor-element-5e0aa6b\" data-id=\"5e0aa6b\" data-element_type=\"column\">\n\t\t\t<div class=\"elementor-widget-wrap\">\n\t\t\t\t\t\t\t\t\t<\/div>\n\t\t<\/div>\n\t\t\t\t\t\t\t<\/div>\n\t\t<\/section>\n\t\t\t\t<section class=\"elementor-section elementor-top-section elementor-element elementor-element-69fb7d0 elementor-section-boxed elementor-section-height-default elementor-section-height-default\" data-id=\"69fb7d0\" data-element_type=\"section\" data-settings=\"{&quot;background_background&quot;:&quot;classic&quot;}\">\n\t\t\t\t\t\t<div class=\"elementor-container elementor-column-gap-default\">\n\t\t\t\t\t<div class=\"elementor-column elementor-col-100 elementor-top-column elementor-element elementor-element-bf2fbec\" data-id=\"bf2fbec\" data-element_type=\"column\">\n\t\t\t<div class=\"elementor-widget-wrap elementor-element-populated\">\n\t\t\t\t\t\t\t\t<div class=\"elementor-element elementor-element-d8714c8 elementor-widget elementor-widget-image\" data-id=\"d8714c8\" data-element_type=\"widget\" data-widget_type=\"image.default\">\n\t\t\t\t<div class=\"elementor-widget-container\">\n\t\t\t\t\t\t\t\t\t\t\t\t\t\t\t<img decoding=\"async\" width=\"800\" height=\"800\" src=\"https:\/\/farmasilvaevoce.com.br\/wp-content\/uploads\/2025\/04\/boneco_lp-1.png\" class=\"attachment-large size-large wp-image-104\" alt=\"\" loading=\"lazy\" srcset=\"https:\/\/farmasilvaevoce.com.br\/wp-content\/uploads\/2025\/04\/boneco_lp-1.png 800w, https:\/\/farmasilvaevoce.com.br\/wp-content\/uploads\/2025\/04\/boneco_lp-1-300x300.png 300w, https:\/\/farmasilvaevoce.com.br\/wp-content\/uploads\/2025\/04\/boneco_lp-1-150x150.png 150w, https:\/\/farmasilvaevoce.com.br\/wp-content\/uploads\/2025\/04\/boneco_lp-1-768x768.png 768w, https:\/\/farmasilvaevoce.com.br\/wp-content\/uploads\/2025\/04\/boneco_lp-1-600x600.png 600w\" sizes=\"(max-width: 800px) 100vw, 800px\" \/>\t\t\t\t\t\t\t\t\t\t\t\t\t\t\t<\/div>\n\t\t\t\t<\/div>\n\t\t\t\t\t<\/div>\n\t\t<\/div>\n\t\t\t\t\t\t\t<\/div>\n\t\t<\/section>\n\t\t\t\t<section class=\"elementor-section elementor-top-section elementor-element elementor-element-b21e1a0 elementor-section-boxed elementor-section-height-default elementor-section-height-default\" data-id=\"b21e1a0\" data-element_type=\"section\" data-settings=\"{&quot;background_background&quot;:&quot;classic&quot;}\">\n\t\t\t\t\t\t<div class=\"elementor-container elementor-column-gap-default\">\n\t\t\t\t\t<div class=\"elementor-column elementor-col-100 elementor-top-column elementor-element elementor-element-51bd7e3\" data-id=\"51bd7e3\" data-element_type=\"column\">\n\t\t\t<div class=\"elementor-widget-wrap elementor-element-populated\">\n\t\t\t\t\t\t\t\t<div class=\"elementor-element elementor-element-e4efa68 elementor-align-justify elementor-mobile-align-justify elementor-widget elementor-widget-button\" data-id=\"e4efa68\" data-element_type=\"widget\" data-widget_type=\"button.default\">\n\t\t\t\t<div class=\"elementor-widget-container\">\n\t\t\t\t\t<div class=\"elementor-button-wrapper\">\n\t\t\t<a class=\"elementor-button elementor-button-link elementor-size-lg\" href=\"https:\/\/www.farmasilva.com.br\/\" target=\"_blank\">\n\t\t\t\t\t\t<span class=\"elementor-button-content-wrapper\">\n\t\t\t\t\t\t<span class=\"elementor-button-text\">ACESSE NOSSO SITE<\/span>\n\t\t<\/span>\n\t\t\t\t\t<\/a>\n\t\t<\/div>\n\t\t\t\t<\/div>\n\t\t\t\t<\/div>\n\t\t\t\t<div class=\"elementor-element elementor-element-e0bf7e9 elementor-align-justify elementor-mobile-align-justify elementor-widget elementor-widget-button\" data-id=\"e0bf7e9\" data-element_type=\"widget\" data-widget_type=\"button.default\">\n\t\t\t\t<div class=\"elementor-widget-container\">\n\t\t\t\t\t<div class=\"elementor-button-wrapper\">\n\t\t\t<a class=\"elementor-button elementor-button-link elementor-size-lg\" href=\"https:\/\/g1.globo.com\/sp\/ribeirao-preto-franca\/especial-publicitario\/farmasilva\/noticia\/2024\/02\/19\/farmasilva-oferece-servico-humanizado-para-medicamentos-especiais.ghtml\" target=\"_blank\">\n\t\t\t\t\t\t<span class=\"elementor-button-content-wrapper\">\n\t\t\t\t\t\t<span class=\"elementor-button-text\">ESTAMOS NO G1!<\/span>\n\t\t<\/span>\n\t\t\t\t\t<\/a>\n\t\t<\/div>\n\t\t\t\t<\/div>\n\t\t\t\t<\/div>\n\t\t\t\t\t<\/div>\n\t\t<\/div>\n\t\t\t\t\t\t\t<\/div>\n\t\t<\/section>\n\t\t\t\t<section class=\"elementor-section elementor-top-section elementor-element elementor-element-d90f0de elementor-section-boxed elementor-section-height-default elementor-section-height-default\" data-id=\"d90f0de\" data-element_type=\"section\" data-settings=\"{&quot;background_background&quot;:&quot;classic&quot;}\">\n\t\t\t\t\t\t<div class=\"elementor-container elementor-column-gap-default\">\n\t\t\t\t\t<div class=\"elementor-column elementor-col-100 elementor-top-column elementor-element elementor-element-54cca88\" data-id=\"54cca88\" data-element_type=\"column\">\n\t\t\t<div class=\"elementor-widget-wrap elementor-element-populated\">\n\t\t\t\t\t\t\t\t<div class=\"elementor-element elementor-element-9170bf3 elementor-widget elementor-widget-text-editor\" data-id=\"9170bf3\" data-element_type=\"widget\" data-widget_type=\"text-editor.default\">\n\t\t\t\t<div class=\"elementor-widget-container\">\n\t\t\t<style>\/*! elementor - v3.14.0 - 26-06-2023 *\/\n.elementor-widget-text-editor.elementor-drop-cap-view-stacked .elementor-drop-cap{background-color:#69727d;color:#fff}.elementor-widget-text-editor.elementor-drop-cap-view-framed .elementor-drop-cap{color:#69727d;border:3px solid;background-color:transparent}.elementor-widget-text-editor:not(.elementor-drop-cap-view-default) .elementor-drop-cap{margin-top:8px}.elementor-widget-text-editor:not(.elementor-drop-cap-view-default) .elementor-drop-cap-letter{width:1em;height:1em}.elementor-widget-text-editor .elementor-drop-cap{float:left;text-align:center;line-height:1;font-size:50px}.elementor-widget-text-editor .elementor-drop-cap-letter{display:inline-block}<\/style>\t\t\t\t<p>\u00a9 2026 FARMA SILVA \u2022 AS INFORMA\u00c7\u00d5ES CONTIDAS NESTE SITE N\u00c3O DEVEM SER USADAS PARA AUTOMEDICA\u00c7\u00c3O E N\u00c3O SUBSTITUEM, EM HIP\u00d3TESE ALGUMA, AS ORIENTA\u00c7\u00d5ES DADAS PELO PROFISSIONAL DA \u00c1REA M\u00c9DICA. SOMENTE O M\u00c9DICO EST\u00c1 APTO A DIAGNOSTICAR QUALQUER PROBLEMA DE SA\u00daDE E PRESCREVER O TRATAMENTO ADEQUADO. MEDICAMENTOS DE PRESCRI\u00c7\u00c3O M\u00c9DICA S\u00d3 SER\u00c3O ENVIADOS MEDIANTE A APRESENTA\u00c7\u00c3O DA RECEITA E DEVIDA AVERIGUA\u00c7\u00c3O POR PARTE DO FARMAC\u00caUTICO. O ENVIO PODER\u00c1 SER FEITO POR E-MAIL OU NO TELEFONE: (11) 4780-9822. EM CASO DE D\u00daVIDAS E ORIENTA\u00c7\u00d5ES ENTRE EM CONTATO COM O FARMAC\u00caUTICO.<\/p><footer id=\"Footer\" class=\"clearfix\"><div class=\"footer\"><div class=\"copyright clearfix\"><div class=\"store-center\"><div class=\"text\"><p>Drogaria F S Eireli &#8211; Nome Fantasia: Farmasilva, inscrita no CNPJ sob n\u00ba: 11.719.795\/0001-09, Farmac\u00eautica Respons\u00e1vel: \u00c9rika Negr\u00e3o P\u00f3voa Le\u00e3o CRF-SP: 70172, Licen\u00e7a de Funcionamento: 354780901-477-000896-1-3, Autoriza\u00e7\u00e3o de Funcionamento &#8211; Processo n\u00ba 25351314765201993<\/p><\/div><\/div><\/div><\/div><\/footer>\t\t\t\t\t\t<\/div>\n\t\t\t\t<\/div>\n\t\t\t\t\t<\/div>\n\t\t<\/div>\n\t\t\t\t\t\t\t<\/div>\n\t\t<\/section>\n\t\t\t\t\t\t\t<\/div>\n\t\t","protected":false},"excerpt":{"rendered":"<p>ACESSE NOSSO SITE ESTAMOS NO G1! \u00a9 2026 FARMA SILVA \u2022 AS INFORMA\u00c7\u00d5ES CONTIDAS NESTE SITE N\u00c3O DEVEM SER USADAS PARA AUTOMEDICA\u00c7\u00c3O E N\u00c3O SUBSTITUEM, EM HIP\u00d3TESE ALGUMA, AS ORIENTA\u00c7\u00d5ES DADAS PELO PROFISSIONAL DA \u00c1REA M\u00c9DICA. SOMENTE O M\u00c9DICO EST\u00c1 APTO A DIAGNOSTICAR QUALQUER PROBLEMA DE SA\u00daDE E PRESCREVER O TRATAMENTO ADEQUADO. MEDICAMENTOS DE PRESCRI\u00c7\u00c3O [&hellip;]<\/p>\n","protected":false},"author":2,"featured_media":0,"parent":0,"menu_order":0,"comment_status":"closed","ping_status":"closed","template":"elementor_canvas","meta":[],"_links":{"self":[{"href":"https:\/\/farmasilvaevoce.com.br\/index.php?rest_route=\/wp\/v2\/pages\/10"}],"collection":[{"href":"https:\/\/farmasilvaevoce.com.br\/index.php?rest_route=\/wp\/v2\/pages"}],"about":[{"href":"https:\/\/farmasilvaevoce.com.br\/index.php?rest_route=\/wp\/v2\/types\/page"}],"author":[{"embeddable":true,"href":"https:\/\/farmasilvaevoce.com.br\/index.php?rest_route=\/wp\/v2\/users\/2"}],"replies":[{"embeddable":true,"href":"https:\/\/farmasilvaevoce.com.br\/index.php?rest_route=%2Fwp%2Fv2%2Fcomments&post=10"}],"version-history":[{"count":232,"href":"https:\/\/farmasilvaevoce.com.br\/index.php?rest_route=\/wp\/v2\/pages\/10\/revisions"}],"predecessor-version":[{"id":270,"href":"https:\/\/farmasilvaevoce.com.br\/index.php?rest_route=\/wp\/v2\/pages\/10\/revisions\/270"}],"wp:attachment":[{"href":"https:\/\/farmasilvaevoce.com.br\/index.php?rest_route=%2Fwp%2Fv2%2Fmedia&parent=10"}],"curies":[{"name":"wp","href":"https:\/\/api.w.org\/{rel}","templated":true}]}}